{"id":6,"date":"2025-06-10T04:10:51","date_gmt":"2025-06-10T04:10:51","guid":{"rendered":"https:\/\/manualilvaeromullo.com\/hoteis\/?page_id=6"},"modified":"2025-06-17T15:35:40","modified_gmt":"2025-06-17T15:35:40","slug":"salao","status":"publish","type":"page","link":"https:\/\/manualilvaeromullo.com\/hoteis\/salao\/","title":{"rendered":"salao"},"content":{"rendered":"\t\t<div data-elementor-type=\"wp-page\" data-elementor-id=\"6\" class=\"elementor elementor-6\">\n\t\t\t\t<div class=\"elementor-element elementor-element-7ddc097e e-flex e-con-boxed e-con e-parent\" data-id=\"7ddc097e\" data-element_type=\"container\">\n\t\t\t\t\t<div class=\"e-con-inner\">\n\t\t\t\t<div class=\"elementor-element elementor-element-3bfa25a9 elementor-widget elementor-widget-spacer\" data-id=\"3bfa25a9\" data-element_type=\"widget\" data-widget_type=\"spacer.default\">\n\t\t\t\t<div class=\"elementor-widget-container\">\n\t\t\t\t\t\t\t<div class=\"elementor-spacer\">\n\t\t\t<div class=\"elementor-spacer-inner\"><\/div>\n\t\t<\/div>\n\t\t\t\t\t\t<\/div>\n\t\t\t\t<\/div>\n\t\t\t\t\t<\/div>\n\t\t\t\t<\/div>\n\t\t<div class=\"elementor-element elementor-element-21f84dfd e-flex e-con-boxed e-con e-parent\" data-id=\"21f84dfd\" data-element_type=\"container\">\n\t\t\t\t\t<div class=\"e-con-inner\">\n\t\t\t\t<div class=\"elementor-element elementor-element-70f6cc11 elementor-widget elementor-widget-heading\" data-id=\"70f6cc11\" data-element_type=\"widget\" data-widget_type=\"heading.default\">\n\t\t\t\t<div class=\"elementor-widget-container\">\n\t\t\t\t\t<h2 class=\"elementor-heading-title elementor-size-default\">SAL\u00d5ES DE BELEZA<\/h2>\t\t\t\t<\/div>\n\t\t\t\t<\/div>\n\t\t\t\t\t<\/div>\n\t\t\t\t<\/div>\n\t\t<div class=\"elementor-element elementor-element-d11419f e-flex e-con-boxed e-con e-parent\" data-id=\"d11419f\" data-element_type=\"container\">\n\t\t\t\t\t<div class=\"e-con-inner\">\n\t\t\t\t<div class=\"elementor-element elementor-element-7f45879d elementor-widget elementor-widget-text-editor\" data-id=\"7f45879d\" data-element_type=\"widget\" data-widget_type=\"text-editor.default\">\n\t\t\t\t<div class=\"elementor-widget-container\">\n\t\t\t\t\t\t\t\t\t<p>SUGEST\u00d5ES DE SAL\u00c3O NAS PROXIMIDADES DOS HOT\u00c9IS INDICADOS.<br \/>CLIQUE NOS PERFIS\u00a0 PARA SER REDIRECIONADOS<\/p>\t\t\t\t\t\t\t\t<\/div>\n\t\t\t\t<\/div>\n\t\t\t\t\t<\/div>\n\t\t\t\t<\/div>\n\t\t<div class=\"elementor-element elementor-element-44dd0d1 e-flex e-con-boxed e-con e-parent\" data-id=\"44dd0d1\" data-element_type=\"container\">\n\t\t\t\t\t<div class=\"e-con-inner\">\n\t\t<div class=\"elementor-element elementor-element-1a57f6d9 e-con-full e-flex e-con e-child\" data-id=\"1a57f6d9\" data-element_type=\"container\">\n\t\t\t\t<div class=\"elementor-element elementor-element-2d5159b7 elementor-widget elementor-widget-image\" data-id=\"2d5159b7\" data-element_type=\"widget\" data-widget_type=\"image.default\">\n\t\t\t\t<div class=\"elementor-widget-container\">\n\t\t\t\t\t\t\t\t\t\t\t\t\t\t\t\t<a href=\"https:\/\/www.instagram.com\/uniquesalao\/\">\n\t\t\t\t\t\t\t<img fetchpriority=\"high\" decoding=\"async\" width=\"834\" height=\"485\" src=\"https:\/\/manualilvaeromullo.com\/hoteis\/wp-content\/uploads\/2025\/06\/unique.png\" class=\"attachment-large size-large wp-image-22\" alt=\"\" srcset=\"https:\/\/manualilvaeromullo.com\/hoteis\/wp-content\/uploads\/2025\/06\/unique.png 834w, https:\/\/manualilvaeromullo.com\/hoteis\/wp-content\/uploads\/2025\/06\/unique-300x174.png 300w, https:\/\/manualilvaeromullo.com\/hoteis\/wp-content\/uploads\/2025\/06\/unique-768x447.png 768w\" sizes=\"(max-width: 834px) 100vw, 834px\" \/>\t\t\t\t\t\t\t\t<\/a>\n\t\t\t\t\t\t\t\t\t\t\t\t\t\t\t<\/div>\n\t\t\t\t<\/div>\n\t\t\t\t<\/div>\n\t\t<div class=\"elementor-element elementor-element-72828277 e-con-full e-flex e-con e-child\" data-id=\"72828277\" data-element_type=\"container\">\n\t\t\t\t<div class=\"elementor-element elementor-element-23d94419 elementor-widget elementor-widget-image\" data-id=\"23d94419\" data-element_type=\"widget\" data-widget_type=\"image.default\">\n\t\t\t\t<div class=\"elementor-widget-container\">\n\t\t\t\t\t\t\t\t\t\t\t\t\t\t\t\t<a href=\"https:\/\/www.instagram.com\/fios.oficial\/\">\n\t\t\t\t\t\t\t<img decoding=\"async\" width=\"799\" height=\"479\" src=\"https:\/\/manualilvaeromullo.com\/hoteis\/wp-content\/uploads\/2025\/06\/fios.png\" class=\"attachment-large size-large wp-image-21\" alt=\"\" srcset=\"https:\/\/manualilvaeromullo.com\/hoteis\/wp-content\/uploads\/2025\/06\/fios.png 799w, https:\/\/manualilvaeromullo.com\/hoteis\/wp-content\/uploads\/2025\/06\/fios-300x180.png 300w, https:\/\/manualilvaeromullo.com\/hoteis\/wp-content\/uploads\/2025\/06\/fios-768x460.png 768w\" sizes=\"(max-width: 799px) 100vw, 799px\" \/>\t\t\t\t\t\t\t\t<\/a>\n\t\t\t\t\t\t\t\t\t\t\t\t\t\t\t<\/div>\n\t\t\t\t<\/div>\n\t\t\t\t<\/div>\n\t\t<div class=\"elementor-element elementor-element-b5ffb61 e-con-full e-flex e-con e-child\" data-id=\"b5ffb61\" data-element_type=\"container\">\n\t\t\t\t<div class=\"elementor-element elementor-element-25e07c22 elementor-widget elementor-widget-image\" data-id=\"25e07c22\" data-element_type=\"widget\" data-widget_type=\"image.default\">\n\t\t\t\t<div class=\"elementor-widget-container\">\n\t\t\t\t\t\t\t\t\t\t\t\t\t\t\t\t<a href=\"https:\/\/www.instagram.com\/espaco_172\/\">\n\t\t\t\t\t\t\t<img decoding=\"async\" width=\"814\" height=\"491\" src=\"https:\/\/manualilvaeromullo.com\/hoteis\/wp-content\/uploads\/2025\/06\/espaco172.png\" class=\"attachment-large size-large wp-image-20\" alt=\"\" srcset=\"https:\/\/manualilvaeromullo.com\/hoteis\/wp-content\/uploads\/2025\/06\/espaco172.png 814w, https:\/\/manualilvaeromullo.com\/hoteis\/wp-content\/uploads\/2025\/06\/espaco172-300x181.png 300w, https:\/\/manualilvaeromullo.com\/hoteis\/wp-content\/uploads\/2025\/06\/espaco172-768x463.png 768w\" sizes=\"(max-width: 814px) 100vw, 814px\" \/>\t\t\t\t\t\t\t\t<\/a>\n\t\t\t\t\t\t\t\t\t\t\t\t\t\t\t<\/div>\n\t\t\t\t<\/div>\n\t\t\t\t<\/div>\n\t\t\t\t\t<\/div>\n\t\t\t\t<\/div>\n\t\t<div class=\"elementor-element elementor-element-60a3e323 e-flex e-con-boxed e-con e-parent\" data-id=\"60a3e323\" data-element_type=\"container\">\n\t\t\t\t\t<div class=\"e-con-inner\">\n\t\t\t\t<div class=\"elementor-element elementor-element-155cec8e elementor-widget elementor-widget-spacer\" data-id=\"155cec8e\" data-element_type=\"widget\" data-widget_type=\"spacer.default\">\n\t\t\t\t<div class=\"elementor-widget-container\">\n\t\t\t\t\t\t\t<div class=\"elementor-spacer\">\n\t\t\t<div class=\"elementor-spacer-inner\"><\/div>\n\t\t<\/div>\n\t\t\t\t\t\t<\/div>\n\t\t\t\t<\/div>\n\t\t\t\t<div class=\"elementor-element elementor-element-11eee114 elementor-widget elementor-widget-image\" data-id=\"11eee114\" data-element_type=\"widget\" data-widget_type=\"image.default\">\n\t\t\t\t<div class=\"elementor-widget-container\">\n\t\t\t\t\t\t\t\t\t\t\t\t\t\t\t<img loading=\"lazy\" decoding=\"async\" width=\"1024\" height=\"129\" src=\"https:\/\/manualilvaeromullo.com\/hoteis\/wp-content\/uploads\/2025\/06\/Prancheta-2@4x-1024x129.png\" class=\"attachment-large size-large wp-image-12\" alt=\"\" srcset=\"https:\/\/manualilvaeromullo.com\/hoteis\/wp-content\/uploads\/2025\/06\/Prancheta-2@4x-1024x129.png 1024w, https:\/\/manualilvaeromullo.com\/hoteis\/wp-content\/uploads\/2025\/06\/Prancheta-2@4x-300x38.png 300w, https:\/\/manualilvaeromullo.com\/hoteis\/wp-content\/uploads\/2025\/06\/Prancheta-2@4x-768x97.png 768w, https:\/\/manualilvaeromullo.com\/hoteis\/wp-content\/uploads\/2025\/06\/Prancheta-2@4x-1536x193.png 1536w, https:\/\/manualilvaeromullo.com\/hoteis\/wp-content\/uploads\/2025\/06\/Prancheta-2@4x-2048x258.png 2048w\" sizes=\"(max-width: 1024px) 100vw, 1024px\" \/>\t\t\t\t\t\t\t\t\t\t\t\t\t\t\t<\/div>\n\t\t\t\t<\/div>\n\t\t\t\t\t<\/div>\n\t\t\t\t<\/div>\n\t\t<div class=\"elementor-element elementor-element-7447bb00 e-flex e-con-boxed e-con e-parent\" data-id=\"7447bb00\" data-element_type=\"container\" data-settings=\"{&quot;background_background&quot;:&quot;classic&quot;}\">\n\t\t\t\t\t<div class=\"e-con-inner\">\n\t\t\t\t<div class=\"elementor-element elementor-element-22a1d9ee elementor-widget elementor-widget-spacer\" data-id=\"22a1d9ee\" data-element_type=\"widget\" data-widget_type=\"spacer.default\">\n\t\t\t\t<div class=\"elementor-widget-container\">\n\t\t\t\t\t\t\t<div class=\"elementor-spacer\">\n\t\t\t<div class=\"elementor-spacer-inner\"><\/div>\n\t\t<\/div>\n\t\t\t\t\t\t<\/div>\n\t\t\t\t<\/div>\n\t\t\t\t\t<\/div>\n\t\t\t\t<\/div>\n\t\t\t\t<\/div>\n\t\t","protected":false},"excerpt":{"rendered":"<p>SAL\u00d5ES DE BELEZA SUGEST\u00d5ES DE SAL\u00c3O NAS PROXIMIDADES DOS HOT\u00c9IS INDICADOS.CLIQUE NOS PERFIS\u00a0 PARA SER REDIRECIONADOS<\/p>\n","protected":false},"author":1,"featured_media":0,"parent":0,"menu_order":0,"comment_status":"closed","ping_status":"closed","template":"elementor_canvas","meta":{"footnotes":""},"class_list":["post-6","page","type-page","status-publish","hentry"],"_links":{"self":[{"href":"https:\/\/manualilvaeromullo.com\/hoteis\/wp-json\/wp\/v2\/pages\/6","targetHints":{"allow":["GET"]}}],"collection":[{"href":"https:\/\/manualilvaeromullo.com\/hoteis\/wp-json\/wp\/v2\/pages"}],"about":[{"href":"https:\/\/manualilvaeromullo.com\/hoteis\/wp-json\/wp\/v2\/types\/page"}],"author":[{"embeddable":true,"href":"https:\/\/manualilvaeromullo.com\/hoteis\/wp-json\/wp\/v2\/users\/1"}],"replies":[{"embeddable":true,"href":"https:\/\/manualilvaeromullo.com\/hoteis\/wp-json\/wp\/v2\/comments?post=6"}],"version-history":[{"count":16,"href":"https:\/\/manualilvaeromullo.com\/hoteis\/wp-json\/wp\/v2\/pages\/6\/revisions"}],"predecessor-version":[{"id":36,"href":"https:\/\/manualilvaeromullo.com\/hoteis\/wp-json\/wp\/v2\/pages\/6\/revisions\/36"}],"wp:attachment":[{"href":"https:\/\/manualilvaeromullo.com\/hoteis\/wp-json\/wp\/v2\/media?parent=6"}],"curies":[{"name":"wp","href":"https:\/\/api.w.org\/{rel}","templated":true}]}}